{"id":262,"date":"2022-06-06T17:01:57","date_gmt":"2022-06-06T17:01:57","guid":{"rendered":"https:\/\/limerencelive.com\/?page_id=262"},"modified":"2023-04-03T11:46:43","modified_gmt":"2023-04-03T11:46:43","slug":"rojo","status":"publish","type":"page","link":"https:\/\/limerencelive.com\/?page_id=262","title":{"rendered":"Rojo"},"content":{"rendered":"<p>[et_pb_section fb_built=\u00bb1&#8243; _builder_version=\u00bb4.14.1&#8243; _module_preset=\u00bbdefault\u00bb custom_padding=\u00bb3px|||||\u00bb global_colors_info=\u00bb{}\u00bb][et_pb_row _builder_version=\u00bb4.14.1&#8243; _module_preset=\u00bbdefault\u00bb width=\u00bb100%\u00bb max_width=\u00bb2560px\u00bb custom_padding=\u00bb3px|||||\u00bb global_colors_info=\u00bb{}\u00bb][et_pb_column type=\u00bb4_4&#8243; _builder_version=\u00bb4.14.1&#8243; _module_preset=\u00bbdefault\u00bb global_colors_info=\u00bb{}\u00bb][et_pb_image src=\u00bbhttps:\/\/limerencelive.com\/wp-content\/uploads\/2022\/04\/Cabecera_Rojo.jpg\u00bb title_text=\u00bbWeb-FLEUR\u00bb align=\u00bbcenter\u00bb force_fullwidth=\u00bbon\u00bb _builder_version=\u00bb4.14.1&#8243; _module_preset=\u00bbdefault\u00bb global_colors_info=\u00bb{}\u00bb][\/et_pb_image][\/et_pb_column][\/et_pb_row][et_pb_row column_structure=\u00bb1_3,1_3,1_3&#8243; _builder_version=\u00bb4.14.1&#8243; _module_preset=\u00bbdefault\u00bb global_colors_info=\u00bb{}\u00bb][et_pb_column type=\u00bb1_3&#8243; _builder_version=\u00bb4.14.1&#8243; _module_preset=\u00bbdefault\u00bb global_colors_info=\u00bb{}\u00bb][et_pb_image src=\u00bbhttps:\/\/limerencelive.com\/wp-content\/uploads\/2022\/07\/California_rojo_caja-esquinero.jpg\u00bb title_text=\u00bbWeb-FLEUR\u00bb _builder_version=\u00bb4.14.1&#8243; _module_preset=\u00bbdefault\u00bb global_colors_info=\u00bb{}\u00bb][\/et_pb_image][et_pb_text _builder_version=\u00bb4.14.1&#8243; _module_preset=\u00bbdefault\u00bb background_color=\u00bb#C90E2B\u00bb background_layout=\u00bbdark\u00bb width=\u00bb70%\u00bb border_width_all=\u00bb5px\u00bb border_color_all=\u00bb#C90E2B\u00bb border_width_top=\u00bb9px\u00bb border_width_bottom=\u00bb0px\u00bb border_width_left=\u00bb9px\u00bb global_colors_info=\u00bb{}\u00bb]<\/p>\n<h3>Pimiento California<\/h3>\n<p>[\/et_pb_text][et_pb_image src=\u00bbhttps:\/\/limerencelive.com\/wp-content\/uploads\/2022\/06\/Meses-Pimiento.png\u00bb title_text=\u00bbMeses-Pimiento\u00bb _builder_version=\u00bb4.14.1&#8243; _module_preset=\u00bbdefault\u00bb global_colors_info=\u00bb{}\u00bb][\/et_pb_image][et_pb_text _builder_version=\u00bb4.14.1&#8243; _module_preset=\u00bbdefault\u00bb global_colors_info=\u00bb{}\u00bb]<\/p>\n<p style=\"text-align: justify;\">Rico en fibra, folatos, Vitaminas y antioxidantes sobre todo en vitamina C y licopeno.<\/p>\n<p>[\/et_pb_text][\/et_pb_column][et_pb_column type=\u00bb1_3&#8243; _builder_version=\u00bb4.14.1&#8243; _module_preset=\u00bbdefault\u00bb global_colors_info=\u00bb{}\u00bb][et_pb_image src=\u00bbhttps:\/\/limerencelive.com\/wp-content\/uploads\/2022\/06\/Pimiento_Tricolor_caja.jpg\u00bb title_text=\u00bbWeb-FLEUR\u00bb _builder_version=\u00bb4.14.1&#8243; _module_preset=\u00bbdefault\u00bb global_colors_info=\u00bb{}\u00bb][\/et_pb_image][et_pb_text _builder_version=\u00bb4.14.1&#8243; _module_preset=\u00bbdefault\u00bb background_color=\u00bb#C90E2B\u00bb background_layout=\u00bbdark\u00bb width=\u00bb70%\u00bb border_width_all=\u00bb5px\u00bb border_color_all=\u00bb#C90E2B\u00bb border_width_top=\u00bb9px\u00bb border_width_bottom=\u00bb0px\u00bb border_width_left=\u00bb9px\u00bb global_colors_info=\u00bb{}\u00bb]<\/p>\n<h3>Pimiento Tricolor<\/h3>\n<p>[\/et_pb_text][et_pb_image src=\u00bbhttps:\/\/limerencelive.com\/wp-content\/uploads\/2022\/06\/Meses-Pimiento.png\u00bb title_text=\u00bbMeses-Pimiento\u00bb _builder_version=\u00bb4.14.1&#8243; _module_preset=\u00bbdefault\u00bb global_colors_info=\u00bb{}\u00bb][\/et_pb_image][et_pb_text _builder_version=\u00bb4.14.1&#8243; _module_preset=\u00bbdefault\u00bb global_colors_info=\u00bb{}\u00bb]<\/p>\n<p style=\"text-align: justify;\">Fuente de fibra. Rico en vitaminas tipo A, E, B1, B2 y B3, adem\u00e1s de \u00e1cido f\u00f3lico y vitamina C. Importante fuente de antioxidantes.<\/p>\n<p>[\/et_pb_text][\/et_pb_column][et_pb_column type=\u00bb1_3&#8243; _builder_version=\u00bb4.14.1&#8243; _module_preset=\u00bbdefault\u00bb global_colors_info=\u00bb{}\u00bb][et_pb_image src=\u00bbhttps:\/\/limerencelive.com\/wp-content\/uploads\/2022\/07\/Pimiento_lamuyorojo_caja-esquinero.jpg\u00bb title_text=\u00bbWeb-FLEUR\u00bb _builder_version=\u00bb4.14.1&#8243; _module_preset=\u00bbdefault\u00bb global_colors_info=\u00bb{}\u00bb][\/et_pb_image][et_pb_text _builder_version=\u00bb4.14.1&#8243; _module_preset=\u00bbdefault\u00bb background_color=\u00bb#C90E2B\u00bb background_layout=\u00bbdark\u00bb width=\u00bb70%\u00bb border_width_all=\u00bb5px\u00bb border_color_all=\u00bb#C90E2B\u00bb border_width_top=\u00bb9px\u00bb border_width_bottom=\u00bb0px\u00bb border_width_left=\u00bb9px\u00bb global_colors_info=\u00bb{}\u00bb]<\/p>\n<h3>Pimiento Lamuyo Rojo<\/h3>\n<p>[\/et_pb_text][et_pb_image src=\u00bbhttps:\/\/limerencelive.com\/wp-content\/uploads\/2022\/06\/Meses-Pimiento.png\u00bb title_text=\u00bbMeses-Pimiento\u00bb _builder_version=\u00bb4.14.1&#8243; _module_preset=\u00bbdefault\u00bb global_colors_info=\u00bb{}\u00bb][\/et_pb_image][et_pb_text _builder_version=\u00bb4.14.1&#8243; _module_preset=\u00bbdefault\u00bb global_colors_info=\u00bb{}\u00bb]<\/p>\n<p style=\"text-align: justify;\">Fuente de fibra. Rico en vitaminas tipo A, E, B1, B2 y B3, adem\u00e1s de \u00e1cido f\u00f3lico y vitamina C. Importante fuente de antioxidantes.<\/p>\n<p>[\/et_pb_text][\/et_pb_column][\/et_pb_row][et_pb_row column_structure=\u00bb1_3,1_3,1_3&#8243; _builder_version=\u00bb4.14.1&#8243; _module_preset=\u00bbdefault\u00bb global_colors_info=\u00bb{}\u00bb][et_pb_column type=\u00bb1_3&#8243; _builder_version=\u00bb4.14.1&#8243; _module_preset=\u00bbdefault\u00bb global_colors_info=\u00bb{}\u00bb][et_pb_image src=\u00bbhttps:\/\/limerencelive.com\/wp-content\/uploads\/2022\/06\/Sandia-rayada_caja.jpg\u00bb title_text=\u00bbWeb-FLEUR\u00bb _builder_version=\u00bb4.14.1&#8243; _module_preset=\u00bbdefault\u00bb global_colors_info=\u00bb{}\u00bb][\/et_pb_image][et_pb_text _builder_version=\u00bb4.14.1&#8243; _module_preset=\u00bbdefault\u00bb background_color=\u00bb#C90E2B\u00bb background_layout=\u00bbdark\u00bb width=\u00bb70%\u00bb border_width_all=\u00bb5px\u00bb border_color_all=\u00bb#C90E2B\u00bb border_width_top=\u00bb9px\u00bb border_width_bottom=\u00bb0px\u00bb border_width_left=\u00bb9px\u00bb global_colors_info=\u00bb{}\u00bb]<\/p>\n<h3>Sand\u00eda Rayada<\/h3>\n<p>[\/et_pb_text][et_pb_image src=\u00bbhttps:\/\/limerencelive.com\/wp-content\/uploads\/2022\/06\/Meses-sandia-01.png\u00bb title_text=\u00bbMeses-sandia-01&#8243; _builder_version=\u00bb4.14.1&#8243; _module_preset=\u00bbdefault\u00bb global_colors_info=\u00bb{}\u00bb][\/et_pb_image][et_pb_text _builder_version=\u00bb4.14.1&#8243; _module_preset=\u00bbdefault\u00bb global_colors_info=\u00bb{}\u00bb]<\/p>\n<p style=\"text-align: justify;\">Contiene alrededor de un 93% de agua. Aporte de potasio, magnesio y vitamina A, positiva para mantener la salud ocular y la piel<\/p>\n<p>[\/et_pb_text][\/et_pb_column][et_pb_column type=\u00bb1_3&#8243; _builder_version=\u00bb4.14.1&#8243; _module_preset=\u00bbdefault\u00bb global_colors_info=\u00bb{}\u00bb][et_pb_gallery gallery_ids=\u00bb247,243,246,245,244&#8243; fullwidth=\u00bbon\u00bb _builder_version=\u00bb4.14.1&#8243; _module_preset=\u00bbdefault\u00bb global_colors_info=\u00bb{}\u00bb][\/et_pb_gallery][et_pb_text _builder_version=\u00bb4.14.1&#8243; _module_preset=\u00bbdefault\u00bb background_color=\u00bb#C90E2B\u00bb background_layout=\u00bbdark\u00bb width=\u00bb70%\u00bb border_width_all=\u00bb5px\u00bb border_color_all=\u00bb#C90E2B\u00bb border_width_top=\u00bb9px\u00bb border_width_bottom=\u00bb0px\u00bb border_width_left=\u00bb9px\u00bb global_colors_info=\u00bb{}\u00bb]<\/p>\n<h3>Cebolla Morada<\/h3>\n<p>[\/et_pb_text][et_pb_image src=\u00bbhttps:\/\/limerencelive.com\/wp-content\/uploads\/2022\/06\/Meses-cebolla-01.png\u00bb title_text=\u00bbMeses-cebolla-01&#8243; _builder_version=\u00bb4.14.1&#8243; _module_preset=\u00bbdefault\u00bb global_colors_info=\u00bb{}\u00bb][\/et_pb_image][et_pb_text _builder_version=\u00bb4.14.1&#8243; _module_preset=\u00bbdefault\u00bb global_colors_info=\u00bb{}\u00bb]<\/p>\n<p style=\"text-align: justify;\">Fuente de fibra. Rico en vitaminas tipo A, E, B1, B2 y B3, adem\u00e1s de \u00e1cido f\u00f3lico y vitamina C. Importante fuente de antioxidantes.<\/p>\n<p>[\/et_pb_text][\/et_pb_column][et_pb_column type=\u00bb1_3&#8243; _builder_version=\u00bb4.14.1&#8243; _module_preset=\u00bbdefault\u00bb global_colors_info=\u00bb{}\u00bb][et_pb_gallery gallery_ids=\u00bb706,709&#8243; fullwidth=\u00bbon\u00bb _builder_version=\u00bb4.14.1&#8243; _module_preset=\u00bbdefault\u00bb transform_scale=\u00bb150%|150%\u00bb global_colors_info=\u00bb{}\u00bb][\/et_pb_gallery][et_pb_divider show_divider=\u00bboff\u00bb _builder_version=\u00bb4.14.1&#8243; _module_preset=\u00bbdefault\u00bb custom_padding=\u00bb25px||||false|false\u00bb global_colors_info=\u00bb{}\u00bb][\/et_pb_divider][et_pb_text _builder_version=\u00bb4.14.1&#8243; _module_preset=\u00bbdefault\u00bb background_color=\u00bb#C90E2B\u00bb background_layout=\u00bbdark\u00bb width=\u00bb70%\u00bb border_width_all=\u00bb5px\u00bb border_color_all=\u00bb#C90E2B\u00bb border_width_top=\u00bb9px\u00bb border_width_bottom=\u00bb0px\u00bb border_width_left=\u00bb9px\u00bb global_colors_info=\u00bb{}\u00bb]<\/p>\n<h3>Uva Rosa<\/h3>\n<p>[\/et_pb_text][\/et_pb_column][\/et_pb_row][\/et_pb_section][et_pb_section fb_built=\u00bb1&#8243; _builder_version=\u00bb4.14.1&#8243; _module_preset=\u00bbdefault\u00bb custom_padding=\u00bb5px||0px|||\u00bb global_colors_info=\u00bb{}\u00bb][et_pb_row column_structure=\u00bb1_4,1_4,1_4,1_4&#8243; _builder_version=\u00bb4.14.1&#8243; _module_preset=\u00bbdefault\u00bb global_colors_info=\u00bb{}\u00bb][et_pb_column type=\u00bb1_4&#8243; _builder_version=\u00bb4.14.1&#8243; _module_preset=\u00bbdefault\u00bb global_colors_info=\u00bb{}\u00bb][et_pb_blurb title=\u00bbROJO\u00bb url=\u00bbhttps:\/\/limerencelive.com\/?page_id=262&#8243; image=\u00bbhttps:\/\/limerencelive.com\/wp-content\/uploads\/2022\/02\/ROSA-ROJA-FLEUR.png\u00bb image_icon_width=\u00bb71%\u00bb _builder_version=\u00bb4.14.1&#8243; _module_preset=\u00bbdefault\u00bb header_text_align=\u00bbcenter\u00bb global_colors_info=\u00bb{}\u00bb][\/et_pb_blurb][et_pb_blurb title=\u00bbNEGRO\u00bb url=\u00bbhttps:\/\/limerencelive.com\/?page_id=238&#8243; image=\u00bbhttps:\/\/limerencelive.com\/wp-content\/uploads\/2022\/02\/ROSA-NEGRA-FLEUR.png\u00bb image_icon_width=\u00bb71%\u00bb _builder_version=\u00bb4.14.1&#8243; _module_preset=\u00bbdefault\u00bb header_text_align=\u00bbcenter\u00bb global_colors_info=\u00bb{}\u00bb][\/et_pb_blurb][\/et_pb_column][et_pb_column type=\u00bb1_4&#8243; _builder_version=\u00bb4.14.1&#8243; _module_preset=\u00bbdefault\u00bb global_colors_info=\u00bb{}\u00bb][et_pb_blurb title=\u00bbAMARILLO\u00bb url=\u00bbhttps:\/\/limerencelive.com\/?page_id=188&#8243; image=\u00bbhttps:\/\/limerencelive.com\/wp-content\/uploads\/2022\/02\/ROSA-AMARILLA-FLEUR.png\u00bb image_icon_width=\u00bb71%\u00bb _builder_version=\u00bb4.14.1&#8243; _module_preset=\u00bbdefault\u00bb header_text_align=\u00bbcenter\u00bb global_colors_info=\u00bb{}\u00bb][\/et_pb_blurb][et_pb_blurb title=\u00bbBLANCO\u00bb url=\u00bbhttps:\/\/limerencelive.com\/?page_id=173&#8243; image=\u00bbhttps:\/\/limerencelive.com\/wp-content\/uploads\/2022\/02\/ROSA-BLANCA-FLEUR.png\u00bb image_icon_width=\u00bb71%\u00bb _builder_version=\u00bb4.14.1&#8243; _module_preset=\u00bbdefault\u00bb header_text_align=\u00bbcenter\u00bb global_colors_info=\u00bb{}\u00bb][\/et_pb_blurb][\/et_pb_column][et_pb_column type=\u00bb1_4&#8243; _builder_version=\u00bb4.14.1&#8243; _module_preset=\u00bbdefault\u00bb global_colors_info=\u00bb{}\u00bb][et_pb_blurb title=\u00bbNARANJA\u00bb url=\u00bbhttps:\/\/limerencelive.com\/?page_id=233&#8243; image=\u00bbhttps:\/\/limerencelive.com\/wp-content\/uploads\/2022\/02\/ROSA-NARANJA-FLEUR.png\u00bb image_icon_width=\u00bb71%\u00bb _builder_version=\u00bb4.14.1&#8243; _module_preset=\u00bbdefault\u00bb header_text_align=\u00bbcenter\u00bb global_colors_info=\u00bb{}\u00bb][\/et_pb_blurb][et_pb_blurb title=\u00bbROSA\u00bb url=\u00bbhttps:\/\/limerencelive.com\/?page_id=268&#8243; image=\u00bbhttps:\/\/limerencelive.com\/wp-content\/uploads\/2022\/02\/ROSA-ROSA-FLEUR.png\u00bb image_icon_width=\u00bb71%\u00bb _builder_version=\u00bb4.14.1&#8243; _module_preset=\u00bbdefault\u00bb header_text_align=\u00bbcenter\u00bb global_colors_info=\u00bb{}\u00bb][\/et_pb_blurb][\/et_pb_column][et_pb_column type=\u00bb1_4&#8243; _builder_version=\u00bb4.14.1&#8243; _module_preset=\u00bbdefault\u00bb global_colors_info=\u00bb{}\u00bb][et_pb_blurb title=\u00bbVERDE\u00bb url=\u00bbhttps:\/\/limerencelive.com\/?page_id=271&#8243; image=\u00bbhttps:\/\/limerencelive.com\/wp-content\/uploads\/2022\/02\/ROSA-VERDE-FLEUR.png\u00bb image_icon_width=\u00bb71%\u00bb _builder_version=\u00bb4.14.1&#8243; _module_preset=\u00bbdefault\u00bb header_text_align=\u00bbcenter\u00bb global_colors_info=\u00bb{}\u00bb][\/et_pb_blurb][et_pb_blurb title=\u00bbMARR\u00d3N\u00bb url=\u00bbhttps:\/\/limerencelive.com\/?page_id=718&#8243; image=\u00bbhttps:\/\/limerencelive.com\/wp-content\/uploads\/2023\/04\/ROSA-MARRON-FLEUR.png\u00bb image_icon_width=\u00bb71%\u00bb _builder_version=\u00bb4.14.1&#8243; _module_preset=\u00bbdefault\u00bb header_text_align=\u00bbcenter\u00bb hover_enabled=\u00bb0&#8243; global_colors_info=\u00bb{}\u00bb title_text=\u00bbROSA-MARRON-FLEUR\u00bb sticky_enabled=\u00bb0&#8243;][\/et_pb_blurb][\/et_pb_column][\/et_pb_row][\/et_pb_section]<\/p>\n","protected":false},"excerpt":{"rendered":"<p>Pimiento CaliforniaRico en fibra, folatos, Vitaminas y antioxidantes sobre todo en vitamina C y licopeno.Pimiento TricolorFuente de fibra. Rico en vitaminas tipo A, E, B1, B2 y B3, adem\u00e1s de \u00e1cido f\u00f3lico y vitamina C. Importante fuente de antioxidantes.Pimiento Lamuyo RojoFuente de fibra. Rico en vitaminas tipo A, E, B1, B2 y B3, adem\u00e1s de [&hellip;]<\/p>\n","protected":false},"author":1,"featured_media":0,"parent":0,"menu_order":0,"comment_status":"closed","ping_status":"closed","template":"","meta":{"_et_pb_use_builder":"on","_et_pb_old_content":"","_et_gb_content_width":"","footnotes":""},"class_list":["post-262","page","type-page","status-publish","hentry"],"_links":{"self":[{"href":"https:\/\/limerencelive.com\/index.php?rest_route=\/wp\/v2\/pages\/262","targetHints":{"allow":["GET"]}}],"collection":[{"href":"https:\/\/limerencelive.com\/index.php?rest_route=\/wp\/v2\/pages"}],"about":[{"href":"https:\/\/limerencelive.com\/index.php?rest_route=\/wp\/v2\/types\/page"}],"author":[{"embeddable":true,"href":"https:\/\/limerencelive.com\/index.php?rest_route=\/wp\/v2\/users\/1"}],"replies":[{"embeddable":true,"href":"https:\/\/limerencelive.com\/index.php?rest_route=%2Fwp%2Fv2%2Fcomments&post=262"}],"version-history":[{"count":9,"href":"https:\/\/limerencelive.com\/index.php?rest_route=\/wp\/v2\/pages\/262\/revisions"}],"predecessor-version":[{"id":725,"href":"https:\/\/limerencelive.com\/index.php?rest_route=\/wp\/v2\/pages\/262\/revisions\/725"}],"wp:attachment":[{"href":"https:\/\/limerencelive.com\/index.php?rest_route=%2Fwp%2Fv2%2Fmedia&parent=262"}],"curies":[{"name":"wp","href":"https:\/\/api.w.org\/{rel}","templated":true}]}}