{"id":233,"date":"2022-06-06T16:18:04","date_gmt":"2022-06-06T16:18:04","guid":{"rendered":"https:\/\/limerencelive.com\/?page_id=233"},"modified":"2023-04-03T11:49:41","modified_gmt":"2023-04-03T11:49:41","slug":"naranja","status":"publish","type":"page","link":"https:\/\/limerencelive.com\/?page_id=233","title":{"rendered":"Naranja"},"content":{"rendered":"<p>[et_pb_section fb_built=\u00bb1&#8243; _builder_version=\u00bb4.14.1&#8243; _module_preset=\u00bbdefault\u00bb custom_padding=\u00bb3px|||||\u00bb global_colors_info=\u00bb{}\u00bb][et_pb_row _builder_version=\u00bb4.14.1&#8243; _module_preset=\u00bbdefault\u00bb width=\u00bb100%\u00bb max_width=\u00bb2560px\u00bb custom_padding=\u00bb3px|||||\u00bb global_colors_info=\u00bb{}\u00bb][et_pb_column type=\u00bb4_4&#8243; _builder_version=\u00bb4.14.1&#8243; _module_preset=\u00bbdefault\u00bb global_colors_info=\u00bb{}\u00bb][et_pb_image src=\u00bbhttps:\/\/limerencelive.com\/wp-content\/uploads\/2022\/04\/Cabecera_Naranja.jpg\u00bb title_text=\u00bbWeb-FLEUR\u00bb align=\u00bbcenter\u00bb force_fullwidth=\u00bbon\u00bb _builder_version=\u00bb4.14.1&#8243; _module_preset=\u00bbdefault\u00bb global_colors_info=\u00bb{}\u00bb][\/et_pb_image][\/et_pb_column][\/et_pb_row][et_pb_row column_structure=\u00bb1_3,1_3,1_3&#8243; _builder_version=\u00bb4.14.1&#8243; _module_preset=\u00bbdefault\u00bb global_colors_info=\u00bb{}\u00bb][et_pb_column type=\u00bb1_3&#8243; _builder_version=\u00bb4.14.1&#8243; _module_preset=\u00bbdefault\u00bb global_colors_info=\u00bb{}\u00bb][et_pb_gallery gallery_ids=\u00bb330,219,220,221&#8243; fullwidth=\u00bbon\u00bb _builder_version=\u00bb4.14.1&#8243; _module_preset=\u00bbdefault\u00bb global_colors_info=\u00bb{}\u00bb][\/et_pb_gallery][et_pb_text _builder_version=\u00bb4.14.1&#8243; _module_preset=\u00bbdefault\u00bb background_color=\u00bb#ff8110&#8243; background_layout=\u00bbdark\u00bb width=\u00bb70%\u00bb border_width_all=\u00bb5px\u00bb border_color_all=\u00bb#ff8110&#8243; border_width_top=\u00bb9px\u00bb border_width_bottom=\u00bb0px\u00bb border_width_left=\u00bb9px\u00bb global_colors_info=\u00bb{}\u00bb]<\/p>\n<h3>Naranja<\/h3>\n<p>[\/et_pb_text][et_pb_image src=\u00bbhttps:\/\/limerencelive.com\/wp-content\/uploads\/2022\/06\/Meses-naranja-01.png\u00bb title_text=\u00bbMeses-naranja-01&#8243; _builder_version=\u00bb4.14.1&#8243; _module_preset=\u00bbdefault\u00bb global_colors_info=\u00bb{}\u00bb][\/et_pb_image][et_pb_text _builder_version=\u00bb4.14.1&#8243; _module_preset=\u00bbdefault\u00bb global_colors_info=\u00bb{}\u00bb]<\/p>\n<p style=\"text-align: justify;\">Fuente de fibra. Rico en vitaminas tipo A, E, B1, B2 y B3, adem\u00e1s de \u00e1cido f\u00f3lico y vitamina C. Importante fuente de antioxidantes.<\/p>\n<p>[\/et_pb_text][\/et_pb_column][et_pb_column type=\u00bb1_3&#8243; _builder_version=\u00bb4.14.1&#8243; _module_preset=\u00bbdefault\u00bb global_colors_info=\u00bb{}\u00bb][et_pb_gallery gallery_ids=\u00bb223,222&#8243; fullwidth=\u00bbon\u00bb _builder_version=\u00bb4.14.1&#8243; _module_preset=\u00bbdefault\u00bb global_colors_info=\u00bb{}\u00bb][\/et_pb_gallery][et_pb_text _builder_version=\u00bb4.14.1&#8243; _module_preset=\u00bbdefault\u00bb background_color=\u00bb#ff8110&#8243; background_layout=\u00bbdark\u00bb width=\u00bb70%\u00bb border_width_all=\u00bb5px\u00bb border_color_all=\u00bb#ff8110&#8243; border_width_top=\u00bb9px\u00bb border_width_bottom=\u00bb0px\u00bb border_width_left=\u00bb9px\u00bb global_colors_info=\u00bb{}\u00bb]<\/p>\n<h3>Pomelo<\/h3>\n<p>[\/et_pb_text][et_pb_image src=\u00bbhttps:\/\/limerencelive.com\/wp-content\/uploads\/2022\/06\/Meses-pomelo-01.png\u00bb title_text=\u00bbMeses-pomelo-01&#8243; _builder_version=\u00bb4.14.1&#8243; _module_preset=\u00bbdefault\u00bb global_colors_info=\u00bb{}\u00bb][\/et_pb_image][et_pb_text _builder_version=\u00bb4.14.1&#8243; _module_preset=\u00bbdefault\u00bb global_colors_info=\u00bb{}\u00bb]<\/p>\n<p style=\"text-align: justify;\">Rico en vitaminas tipo B, imprescindibles para favorecer el impulso nervioso y la salud celular. Adem\u00e1s, contiene \u00e1cido f\u00f3lico, vitamina C, calcio, hierro, magnesio, f\u00f3sforo, potasio y zinc.<\/p>\n<p>[\/et_pb_text][\/et_pb_column][et_pb_column type=\u00bb1_3&#8243; _builder_version=\u00bb4.14.1&#8243; _module_preset=\u00bbdefault\u00bb global_colors_info=\u00bb{}\u00bb][\/et_pb_column][\/et_pb_row][\/et_pb_section][et_pb_section fb_built=\u00bb1&#8243; _builder_version=\u00bb4.14.1&#8243; _module_preset=\u00bbdefault\u00bb custom_padding=\u00bb5px||0px|||\u00bb global_colors_info=\u00bb{}\u00bb][et_pb_row column_structure=\u00bb1_4,1_4,1_4,1_4&#8243; _builder_version=\u00bb4.14.1&#8243; _module_preset=\u00bbdefault\u00bb global_colors_info=\u00bb{}\u00bb][et_pb_column type=\u00bb1_4&#8243; _builder_version=\u00bb4.14.1&#8243; _module_preset=\u00bbdefault\u00bb global_colors_info=\u00bb{}\u00bb][et_pb_blurb title=\u00bbROJO\u00bb url=\u00bbhttps:\/\/limerencelive.com\/?page_id=262&#8243; image=\u00bbhttps:\/\/limerencelive.com\/wp-content\/uploads\/2022\/02\/ROSA-ROJA-FLEUR.png\u00bb image_icon_width=\u00bb71%\u00bb _builder_version=\u00bb4.14.1&#8243; _module_preset=\u00bbdefault\u00bb header_text_align=\u00bbcenter\u00bb global_colors_info=\u00bb{}\u00bb][\/et_pb_blurb][et_pb_blurb title=\u00bbNEGRO\u00bb url=\u00bbhttps:\/\/limerencelive.com\/?page_id=238&#8243; image=\u00bbhttps:\/\/limerencelive.com\/wp-content\/uploads\/2022\/02\/ROSA-NEGRA-FLEUR.png\u00bb image_icon_width=\u00bb71%\u00bb _builder_version=\u00bb4.14.1&#8243; _module_preset=\u00bbdefault\u00bb header_text_align=\u00bbcenter\u00bb global_colors_info=\u00bb{}\u00bb][\/et_pb_blurb][\/et_pb_column][et_pb_column type=\u00bb1_4&#8243; _builder_version=\u00bb4.14.1&#8243; _module_preset=\u00bbdefault\u00bb global_colors_info=\u00bb{}\u00bb][et_pb_blurb title=\u00bbAMARILLO\u00bb url=\u00bbhttps:\/\/limerencelive.com\/?page_id=188&#8243; image=\u00bbhttps:\/\/limerencelive.com\/wp-content\/uploads\/2022\/02\/ROSA-AMARILLA-FLEUR.png\u00bb image_icon_width=\u00bb71%\u00bb _builder_version=\u00bb4.14.1&#8243; _module_preset=\u00bbdefault\u00bb header_text_align=\u00bbcenter\u00bb global_colors_info=\u00bb{}\u00bb][\/et_pb_blurb][et_pb_blurb title=\u00bbBLANCO\u00bb url=\u00bbhttps:\/\/limerencelive.com\/?page_id=173&#8243; image=\u00bbhttps:\/\/limerencelive.com\/wp-content\/uploads\/2022\/02\/ROSA-BLANCA-FLEUR.png\u00bb image_icon_width=\u00bb71%\u00bb _builder_version=\u00bb4.14.1&#8243; _module_preset=\u00bbdefault\u00bb header_text_align=\u00bbcenter\u00bb global_colors_info=\u00bb{}\u00bb][\/et_pb_blurb][\/et_pb_column][et_pb_column type=\u00bb1_4&#8243; _builder_version=\u00bb4.14.1&#8243; _module_preset=\u00bbdefault\u00bb global_colors_info=\u00bb{}\u00bb][et_pb_blurb title=\u00bbNARANJA\u00bb url=\u00bbhttps:\/\/limerencelive.com\/?page_id=233&#8243; image=\u00bbhttps:\/\/limerencelive.com\/wp-content\/uploads\/2022\/02\/ROSA-NARANJA-FLEUR.png\u00bb image_icon_width=\u00bb71%\u00bb _builder_version=\u00bb4.14.1&#8243; _module_preset=\u00bbdefault\u00bb header_text_align=\u00bbcenter\u00bb global_colors_info=\u00bb{}\u00bb][\/et_pb_blurb][et_pb_blurb title=\u00bbROSA\u00bb url=\u00bbhttps:\/\/limerencelive.com\/?page_id=268&#8243; image=\u00bbhttps:\/\/limerencelive.com\/wp-content\/uploads\/2022\/02\/ROSA-ROSA-FLEUR.png\u00bb image_icon_width=\u00bb71%\u00bb _builder_version=\u00bb4.14.1&#8243; _module_preset=\u00bbdefault\u00bb header_text_align=\u00bbcenter\u00bb global_colors_info=\u00bb{}\u00bb][\/et_pb_blurb][\/et_pb_column][et_pb_column type=\u00bb1_4&#8243; _builder_version=\u00bb4.14.1&#8243; _module_preset=\u00bbdefault\u00bb global_colors_info=\u00bb{}\u00bb][et_pb_blurb title=\u00bbVERDE\u00bb url=\u00bbhttps:\/\/limerencelive.com\/?page_id=271&#8243; image=\u00bbhttps:\/\/limerencelive.com\/wp-content\/uploads\/2022\/02\/ROSA-VERDE-FLEUR.png\u00bb image_icon_width=\u00bb71%\u00bb _builder_version=\u00bb4.14.1&#8243; _module_preset=\u00bbdefault\u00bb header_text_align=\u00bbcenter\u00bb global_colors_info=\u00bb{}\u00bb][\/et_pb_blurb][et_pb_blurb title=\u00bbMARR\u00d3N\u00bb url=\u00bbhttps:\/\/limerencelive.com\/?page_id=718&#8243; image=\u00bbhttps:\/\/limerencelive.com\/wp-content\/uploads\/2023\/04\/ROSA-MARRON-FLEUR.png\u00bb image_icon_width=\u00bb71%\u00bb _builder_version=\u00bb4.14.1&#8243; _module_preset=\u00bbdefault\u00bb header_text_align=\u00bbcenter\u00bb hover_enabled=\u00bb0&#8243; global_colors_info=\u00bb{}\u00bb title_text=\u00bbROSA-MARRON-FLEUR\u00bb sticky_enabled=\u00bb0&#8243;][\/et_pb_blurb][\/et_pb_column][\/et_pb_row][\/et_pb_section]<\/p>\n","protected":false},"excerpt":{"rendered":"<p>NaranjaFuente de fibra. Rico en vitaminas tipo A, E, B1, B2 y B3, adem\u00e1s de \u00e1cido f\u00f3lico y vitamina C. Importante fuente de antioxidantes.PomeloRico en vitaminas tipo B, imprescindibles para favorecer el impulso nervioso y la salud celular. Adem\u00e1s, contiene \u00e1cido f\u00f3lico, vitamina C, calcio, hierro, magnesio, f\u00f3sforo, potasio y zinc.<\/p>\n","protected":false},"author":1,"featured_media":0,"parent":0,"menu_order":0,"comment_status":"closed","ping_status":"closed","template":"","meta":{"_et_pb_use_builder":"on","_et_pb_old_content":"","_et_gb_content_width":"","footnotes":""},"class_list":["post-233","page","type-page","status-publish","hentry"],"_links":{"self":[{"href":"https:\/\/limerencelive.com\/index.php?rest_route=\/wp\/v2\/pages\/233","targetHints":{"allow":["GET"]}}],"collection":[{"href":"https:\/\/limerencelive.com\/index.php?rest_route=\/wp\/v2\/pages"}],"about":[{"href":"https:\/\/limerencelive.com\/index.php?rest_route=\/wp\/v2\/types\/page"}],"author":[{"embeddable":true,"href":"https:\/\/limerencelive.com\/index.php?rest_route=\/wp\/v2\/users\/1"}],"replies":[{"embeddable":true,"href":"https:\/\/limerencelive.com\/index.php?rest_route=%2Fwp%2Fv2%2Fcomments&post=233"}],"version-history":[{"count":7,"href":"https:\/\/limerencelive.com\/index.php?rest_route=\/wp\/v2\/pages\/233\/revisions"}],"predecessor-version":[{"id":727,"href":"https:\/\/limerencelive.com\/index.php?rest_route=\/wp\/v2\/pages\/233\/revisions\/727"}],"wp:attachment":[{"href":"https:\/\/limerencelive.com\/index.php?rest_route=%2Fwp%2Fv2%2Fmedia&parent=233"}],"curies":[{"name":"wp","href":"https:\/\/api.w.org\/{rel}","templated":true}]}}